{"id":1966,"date":"2012-02-22T20:39:58","date_gmt":"2012-02-22T19:39:58","guid":{"rendered":"http:\/\/duszka.ehost.pl\/?page_id=1966"},"modified":"2026-01-21T19:09:51","modified_gmt":"2026-01-21T18:09:51","slug":"kontakt","status":"publish","type":"page","link":"https:\/\/maria.duszka.pl\/?page_id=1966","title":{"rendered":"OFERTA I KONTAKT"},"content":{"rendered":"<h3><span style=\"color: #000000;\"><strong>Proponuj\u0119 moje poetycko &#8211; podr\u00f3\u017cnicze spotkania autorskie, podczas kt\u00f3rych czytam wiersze, anegdoty i kr\u00f3tkie formy prozatorskie.&nbsp; Mog\u0119 r\u00f3wnie\u017c zaprezentowa\u0107 pokaz slajd\u00f3w po\u0142\u0105czony z opowie\u015bciami o Litwie, Austrii i Niemczech oraz odtworzy\u0107 piosenki skomponowane do moich tekst\u00f3w. <\/strong><\/span><\/h3>\n<h3><span style=\"color: #000000;\"><strong>Wysoko\u015b\u0107 honorarium &#8211; w zale\u017cno\u015bci od odleg\u0142o\u015bci od mojego miejsca zamieszkania &#8211; od 500,- do 1.000,- z\u0142 netto.<\/strong><\/span><\/h3>\n<h3><strong><span style=\"color: #00ccff;\">Kontakt:<\/span> <\/strong><\/h3>\n<h3><strong>maria.duszka@wp.pl<\/strong><\/h3>\n<h3><strong>lub za po\u015brednictwem mojego profilu na Facebooku:<\/strong><\/h3>\n<h3><strong><a href=\"https:\/\/www.facebook.com\/maria.duszka\">https:\/\/www.facebook.com\/maria.duszka<\/a><\/strong><\/h3>\n<p>&nbsp;<\/p>\n<p>&nbsp;<\/p>\n","protected":false},"excerpt":{"rendered":"<p>Proponuj\u0119 moje poetycko &#8211; podr\u00f3\u017cnicze spotkania autorskie, podczas kt\u00f3rych czytam wiersze, anegdoty i kr\u00f3tkie formy prozatorskie.&nbsp; Mog\u0119 r\u00f3wnie\u017c zaprezentowa\u0107 pokaz slajd\u00f3w po\u0142\u0105czony z opowie\u015bciami o Litwie, Austrii i Niemczech oraz odtworzy\u0107 piosenki skomponowane do moich tekst\u00f3w. Wysoko\u015b\u0107 honorarium &#8211; w&hellip;<\/p>\n","protected":false},"author":1,"featured_media":0,"parent":0,"menu_order":0,"comment_status":"closed","ping_status":"open","template":"","meta":{"_monsterinsights_skip_tracking":false,"_monsterinsights_sitenote_active":false,"_monsterinsights_sitenote_note":"","_monsterinsights_sitenote_category":0,"ngg_post_thumbnail":0,"footnotes":""},"class_list":["post-1966","page","type-page","status-publish","hentry"],"_links":{"self":[{"href":"https:\/\/maria.duszka.pl\/index.php?rest_route=\/wp\/v2\/pages\/1966","targetHints":{"allow":["GET"]}}],"collection":[{"href":"https:\/\/maria.duszka.pl\/index.php?rest_route=\/wp\/v2\/pages"}],"about":[{"href":"https:\/\/maria.duszka.pl\/index.php?rest_route=\/wp\/v2\/types\/page"}],"author":[{"embeddable":true,"href":"https:\/\/maria.duszka.pl\/index.php?rest_route=\/wp\/v2\/users\/1"}],"replies":[{"embeddable":true,"href":"https:\/\/maria.duszka.pl\/index.php?rest_route=%2Fwp%2Fv2%2Fcomments&post=1966"}],"version-history":[{"count":55,"href":"https:\/\/maria.duszka.pl\/index.php?rest_route=\/wp\/v2\/pages\/1966\/revisions"}],"predecessor-version":[{"id":15568,"href":"https:\/\/maria.duszka.pl\/index.php?rest_route=\/wp\/v2\/pages\/1966\/revisions\/15568"}],"wp:attachment":[{"href":"https:\/\/maria.duszka.pl\/index.php?rest_route=%2Fwp%2Fv2%2Fmedia&parent=1966"}],"curies":[{"name":"wp","href":"https:\/\/api.w.org\/{rel}","templated":true}]}}